{"id":32350605,"date":"2017-06-06T20:49:38","date_gmt":"2017-06-06T20:49:38","guid":{"rendered":"http:\/\/getanabolics.biz\/product\/top-anfanger-zyklus\/"},"modified":"2018-01-21T20:05:43","modified_gmt":"2018-01-21T20:05:43","slug":"top-anfanger-zyklus","status":"publish","type":"product","link":"https:\/\/getanabolics.biz\/de\/produkt\/top-anfanger-zyklus\/","title":{"rendered":"TOP ANF\u00c4NGER-ZYKLUS"},"content":{"rendered":"<p>Steroid-Zyklen bezieht sich auf den Zeitraum anabole Steroide verwendet werden. Dieser Zeitraum wird oft als &#8222;On-Zyklus.&#8220; Wenn Steroide nicht verwendet werden, dies bezeichnet man als &#8222;Off-Zyklus.&#8220; F\u00fcr den auf-cycle-phase, gibt es unz\u00e4hlige Optionen und Pakete. &#8222;Stacks&#8220; beziehen sich auf die Kombination von anabolen Steroiden sowie nicht-steroidale Elemente verwendet, w\u00e4hrend der am Zyklus-phase. Mit Hunderten von anabolen Steroiden, unterschiedliche Peptid-Hormone, SERM &#8217;s, AI&#8216; s, die Hormone der Schilddr\u00fcse und vieles mehr, es gibt wirklich unz\u00e4hlige m\u00f6glich-stacks. Die Optionen sind so zahlreich, jeder Stapel und radeln Sie verpflichten sich, es k\u00f6nnte ganz anders sein. Jedoch, die meisten steroid Benutzer werden vertraut mit bestimmten Stapel; Sie werden entdecken, bestimmte Kombinationen, die die besten Ergebnisse erzielen, und das werden Sie bleiben, mit diesen Pl\u00e4nen.<\/p>\n<p>Fortgeschrittene anabole steroid Benutzer sind die oberste Stufe von erfahrenen Anwendern, und es wird offenbar davon ausgegangen, dass zu diesem Zeitpunkt das anabole steroid Benutzer erhalten hat, genug Erfahrung gesammelt und genug wissen, um davon ausgehen, den status eines fortgeschrittenen Nutzer. Advanced steroid-stacks mit vielen der erweiterten level-verbindungen (wie Anadrol und Trenbolon), aber das ist nicht zu sagen, dass fortgeschrittene anabole steroid-Zyklen kann auch sein das der basic Testosteron nur Zyklus-Protokoll. Dies wurde bereits zuvor angeschnitten, wobei es wurde deutlich gemacht, dass Anf\u00e4nger und fortgeschrittene anabole steroid Benutzer sind nicht beschr\u00e4nkt auf die Verwendung von sehr harten Substanzen, die extrem hohen Dosen, oder auch komplexe Zyklus-stacks. Oft sind die Mehrheit der fortgeschrittene Benutzer wird entscheiden, um f\u00fchren Sie die grundlegenden versucht, Vertrauensw\u00fcrdige und wahre Methoden der Testosteron-nur Zyklen, oder sehr einfache anabole steroid-Zyklen. Dies ist in der Regel sehr \u00fcberraschen Anf\u00e4nger, da sehr oft Anf\u00e4nger (und potenziellen anabole steroid Benutzer) besitzen ein fehlerhaftes Verst\u00e4ndnis von dem, was es ist, um eine erweiterte anabole steroid Benutzer.<\/p>\n<p>Unabh\u00e4ngig von der Stapel-oder der Zyklus in dem Sie ausgef\u00fchrt werden, gibt es Allgemeine Regeln und \u00fcberlegungen spielt, die helfen, Sie sicher zu halten. Zum Beispiel, die prim\u00e4re Regel eines jeden Zyklus ist, dass es irgendeine form von Testosteron. Die form von Testosteron, ist nicht von Belang. Das einzige, was z\u00e4hlt, ist, dass der K\u00f6rper genug von dieser wesentlichen hormone, um richtig zu funktionieren.<\/p>\n<p class=\"text\">Beginner steroid-stack besteht aus <a href=\"http:\/\/getanabolics.biz\/product\/testosterone-enant-250-10-ml-vial-each-1-ml-contains-250-mg-testosterone-enanthate\/\">Testosteron Enanthate<\/a> und <a href=\"http:\/\/getanabolics.biz\/product\/deca-250-box-of-10-ampoules-of-1ml-250mg-ml-total-2500mg-nandrolone-decaonate\/\">Deca<\/a> die sind beide gute Masse Bauherren.<\/p>\n<p>Verbrauchen protein mindestens 3 Gramm pro kg\/K\u00f6rpergewicht und Ihre t\u00e4gliche Kalorienzufuhr betr\u00e4gt 50 cal pro kg\/K\u00f6rpergewicht. Folgen Sie ein high-intensity-training 4-5 Tage in der Woche und trinken Sie viel Wasser, w\u00e4hrend auf Zyklus.<\/p>\n<div id=\"printablediv\">\n<p>&nbsp;<\/p>\n<table border=\"1\" width=\"40%\" cellpadding=\"2\" bgcolor=\"#fefefe\">\n<tbody>\n<tr>\n<td align=\"center\" width=\"60\">Woche<br \/>\nZyklus<\/td>\n<td align=\"center\" bgcolor=\"#FF9999\"><span style=\"font-family: verdana; font-size: small;\">Testosteron Enantat. 250<br \/>\n250mg<\/span><\/td>\n<td align=\"center\" bgcolor=\"#99CCFF\"><span style=\"font-family: verdana; font-size: small;\">DECA<br \/>\n250mg<\/span><\/td>\n<td align=\"center\" bgcolor=\"#FFFFCC\"><span style=\"font-family: verdana; font-size: small;\">AROMASIN<br \/>\n25mg tab<\/span><\/td>\n<\/tr>\n<tr>\n<td align=\"center\" width=\"60\"><span style=\"font-family: verdana; font-size: small;\"><b>1<\/b><\/span><\/td>\n<td bgcolor=\"#FF9999\"><span style=\"font-family: verdana; font-size: small;\">1ml\/Woche<\/span><\/td>\n<td bgcolor=\"#99CCFF\"><span style=\"font-family: verdana; font-size: small;\">250mg\/Woche<\/span><\/td>\n<td><\/td>\n<\/tr>\n<tr>\n<td align=\"center\" width=\"60\"><span style=\"font-family: verdana; font-size: small;\"><b>2<\/b><\/span><\/td>\n<td bgcolor=\"#FF9999\"><span style=\"font-family: verdana; font-size: small;\">2ml\/Woche<\/span><\/td>\n<td bgcolor=\"#99CCFF\"><span style=\"font-family: verdana; font-size: small;\">500mg\/Woche<\/span><\/td>\n<td><\/td>\n<\/tr>\n<tr>\n<td align=\"center\" width=\"60\"><span style=\"font-family: verdana; font-size: small;\"><b>3<\/b><\/span><\/td>\n<td bgcolor=\"#FF9999\"><span style=\"font-family: verdana; font-size: small;\">2ml\/Woche<\/span><\/td>\n<td bgcolor=\"#99CCFF\"><span style=\"font-family: verdana; font-size: small;\">500mg\/Woche<\/span><\/td>\n<td bgcolor=\"#FFFFCC\"><span style=\"font-family: verdana; font-size: small;\">1tab\/Tag<\/span><\/td>\n<\/tr>\n<tr>\n<td align=\"center\" width=\"60\"><span style=\"font-family: verdana; font-size: small;\"><b>4<\/b><\/span><\/td>\n<td bgcolor=\"#FF9999\"><span style=\"font-family: verdana; font-size: small;\">1ml\/Woche<\/span><\/td>\n<td bgcolor=\"#99CCFF\"><span style=\"font-family: verdana; font-size: small;\">250mg\/Woche<\/span><\/td>\n<td><\/td>\n<\/tr>\n<tr>\n<td align=\"center\" width=\"60\"><span style=\"font-family: verdana; font-size: small;\"><b>5<\/b><\/span><\/td>\n<td bgcolor=\"#FF9999\"><span style=\"font-family: verdana; font-size: small;\">1ml\/Woche<\/span><\/td>\n<td bgcolor=\"#99CCFF\"><span style=\"font-family: verdana; font-size: small;\">250mg\/Woche<\/span><\/td>\n<td bgcolor=\"#FFFFCC\"><span style=\"font-family: verdana; font-size: small;\">1tab\/Tag<\/span><\/td>\n<\/tr>\n<tr>\n<td align=\"center\" width=\"60\"><span style=\"font-family: verdana; font-size: small;\"><b>6<\/b><\/span><\/td>\n<td bgcolor=\"#FF9999\"><span style=\"font-family: verdana; font-size: small;\">1ml\/Woche<\/span><\/td>\n<td bgcolor=\"#99CCFF\"><span style=\"font-family: verdana; font-size: small;\">250mg\/Woche<\/span><\/td>\n<td><\/td>\n<\/tr>\n<tr>\n<td align=\"center\" width=\"60\"><span style=\"font-family: verdana; font-size: small;\"><b>7<\/b><\/span><\/td>\n<td bgcolor=\"#FF9999\"><span style=\"font-family: verdana; font-size: small;\">1ml\/Woche<\/span><\/td>\n<td bgcolor=\"#99CCFF\"><span style=\"font-family: verdana; font-size: small;\">250mg\/Woche<\/span><\/td>\n<td bgcolor=\"#FFFFCC\"><span style=\"font-family: verdana; font-size: small;\">1tab\/Tag<\/span><\/td>\n<\/tr>\n<tr>\n<td align=\"center\" width=\"60\"><span style=\"font-family: verdana; font-size: small;\"><b>8<\/b><\/span><\/td>\n<td bgcolor=\"#FF9999\"><span style=\"font-family: verdana; font-size: small;\">1ml\/Woche<\/span><\/td>\n<td bgcolor=\"#99CCFF\"><span style=\"font-family: verdana; font-size: small;\">250mg\/Woche<\/span><\/td>\n<td><\/td>\n<\/tr>\n<tr>\n<td align=\"center\" width=\"60\"><span style=\"font-family: verdana; font-size: small;\"><b>9<\/b><\/span><\/td>\n<td><\/td>\n<td><\/td>\n<td><\/td>\n<\/tr>\n<tr>\n<td align=\"center\" width=\"60\"><span style=\"font-family: verdana; font-size: small;\"><b>10<\/b><\/span><\/td>\n<td><\/td>\n<td><\/td>\n<td><\/td>\n<\/tr>\n<tr>\n<td align=\"center\" width=\"60\"><span style=\"font-family: verdana; font-size: small;\"><b>11<\/b><\/span><\/td>\n<td><\/td>\n<td><\/td>\n<td bgcolor=\"#FFFFCC\"><span style=\"font-family: verdana; font-size: small;\">1tab\/Tag<\/span><\/td>\n<\/tr>\n<\/tbody>\n<\/table>\n<p>&nbsp;<\/p>\n<p><b>Gesamt:<\/b><br \/>\n2500mg 10ml <a href=\"http:\/\/getanabolics.biz\/de\/produkt\/testosterone-enant-250-10-ml-vial-each-1-ml-contains-250-mg-testosterone-enanthate\/\">Testosterone Enanthate. 250 &#8211; AlphaPharma<\/a><br \/>\n2500mg 10ml <a href=\"http:\/\/getanabolics.biz\/de\/produkt\/deca-250-box-mit-10-ampullen-von-1-ml-250mg-ml-insgesamt-2500mg-nandrolon-decaonate-kaufen\/\">Deca &#8211;\u00a0Alpha Pharma<\/a><br \/>\n30 tabs <a href=\"http:\/\/getanabolics.biz\/de\/produkt\/aromasin-30-tabletten-jede-hat-25-mg-exemestane-kaufen\/\">Aromasin &#8211;\u00a0Alpha Pharma<\/a><\/p>\n<p>&nbsp;<\/p>\n<\/div>\n<div>\n<p>Sollten Sie tabs nach den Mahlzeiten zu vermeiden Bauch aufgeregt. Und aufteilen der Dosis auf zwei mal pro Tag. Eine am morgen und eine am Abend.<br \/>\n<b>Mariendistel und Alpha-Lipons\u00e4ure Erg\u00e4nzungen werden empfohlen, durch den Zyklus zu unterst\u00fctzen, die Leber und trinken Sie viel Wasser und nehmen Sie Kabeljau-Leber-\u00d6l zur Unterst\u00fctzung der Niere.<br \/>\nDies ist ein Beispiel-Zyklus mit max. Dosierungen. Immer starten Sie einen Zyklus mit niedrigeren Dosierungen und leicht zu erreichen max. Ebenen. Wenn Sie sich schlecht f\u00fchlen, verringern Sie die Dosierung oder beenden.<br \/>\nNach den Zyklus, wenn n\u00f6tig, ZMA oder Tribulus verwendet werden k\u00f6nnen zur Steigerung der nat\u00fcrlichen Testosteronspiegel wieder normal.<\/b><\/p>\n<\/div>\n<p>&nbsp;<\/p>\n<p>Als steroid-Zyklen beziehen sich auf die Zeit, in der wir eigentlich sind, die Erg\u00e4nzung mit Anabolika, die offensichtliche Frage ist, was ist der akzeptable Zeitrahmen? Was ist das minimum, der positive Ergebnis-und was ist die maximale H\u00f6he der Zeit in Bezug auf Sicherheit? Dies kann eine schwierige Frage zu beantworten, aber wieder einmal gibt es Richtlinien, die helfen, Sie sicher zu halten. Unabh\u00e4ngig von der steroid-Zyklen, die Sie umsetzen, egal wie basic oder fortgeschrittene, Ihr plan ist, gehen zu m\u00fcssen, um sich auszustrecken, einen angemessenen Betrag von Zeit. Der menschliche K\u00f6rper mag es nicht \u00e4ndern; auch wenn diese Ver\u00e4nderung in Ihrem besten Interesse, dass Sie gehen zu k\u00e4mpfen und alles m\u00f6gliche tun, um zu bleiben in Ihrer gewohnten normal. Wir m\u00fcssen gen\u00fcgend Zeit f\u00fcr diese &#8222;normal&#8220; zu \u00e4ndern, wir m\u00fcssen ein neues set normal, wenn wir gehen zu h\u00e4ngen Sie sich auf die Leistungen. Jedoch selbst wenn dies geschehen ist, wenn Sie sich out-of-Zyklus f\u00fcr eine l\u00e4ngere Zeit, Sie gehen zu verlieren einige der Errungenschaften, ohne die hohe Zustrom von Hormonen zur Unterst\u00fctzung der Gewinne wird nicht ewig dauern. Erreicht man durch den Einsatz von Hormonen, das ist kein fake Muskelmasse oder Kraft, es ist so real wie jede andere von den Vorteilen, die getan werden kann. Um Gewinne in Kraft und Gr\u00f6\u00dfe, die unterst\u00fctzt durch die N\u00e4hrstoffe, die Sie verbrauchen. Nehmen Sie Weg von den N\u00e4hrstoffen und der support-system f\u00e4llt auseinander. Hormone sind auch wichtig, vielleicht so wichtig wie das Essen. Zusammen mit den N\u00e4hrstoffen, die Hormone in Ihrem K\u00f6rper unterst\u00fctzen Sie Ihre Gr\u00f6\u00dfe und St\u00e4rke, entweder nat\u00fcrlich oder exogen zugef\u00fchrt. Nehmen Sie die Hormone Weg, und Sie wieder entfernt haben, ein support-system.<\/p>\n<p>&nbsp;<\/p>\n<div>Der Begriff <strong>Steroid-Zyklen<\/strong> bezieht sich auf die regelm\u00e4\u00dfige Verwendung von anabole\/Androgene Steroide (AAS), in der Regel f\u00fcr Muskel-Geb\u00e4ude Zwecke. AAS sind nicht medizinisch zugelassen und zu f\u00f6rdern, \u00fcberm\u00e4\u00dfiger Muskelmasse (bodybuilding) oder verbessern die sportliche Leistung. Abgesehen von fr\u00fchen Experimenten auf Athleten, die von einer Handvoll von Sport-\u00e4rzten, eine umfassende Bem\u00fchungen zur Untersuchung der K\u00f6rper &#8211; und leistungssteigernde Eigenschaften dieser Medikamente, insbesondere mit Blick auf die Entwicklung von Strategien f\u00fcr die Verwendung zur Maximierung der Vorteile und Minimierung der Nebenwirkungen, wurde nicht durchgef\u00fchrt, die von der medizinischen Gemeinschaft. Weil dieses, unerlaubte Nutzer wurden Links, um die Entwicklung Ihrer eigenen Protokolle f\u00fcr die Verwaltung dieser Medikamente. Das Ergebnis ist eine Vielzahl unterschiedlicher Ans\u00e4tze f\u00fcr die Verwendung dieser Wirkstoffe, einige sicherer oder effektiver sind als andere. W\u00e4hrend es nicht m\u00f6glich sein w\u00fcrde, eine umfassende Auswertung aller bekannten Ans\u00e4tze werden in diesem Abschnitt besprechen einige der am meisten grundlegende und bew\u00e4hrte Methoden f\u00fcr die Verwendung von AAS.<\/div>\n<div>\n<h3>Weiterlesen<\/h3>\n<p><a href=\"http:\/\/getanabolics.biz\/de\/grosse-ergebnisse-aus-dem-besten-trenbolon-acetat\/\">GROSSE ERGEBNISSE AUS DEM BESTEN TRENBOLONACETAT<\/a><\/p>\n<p><a href=\"http:\/\/getanabolics.biz\/de\/alles-sie-ueber-anadrol-wissen\/\">ALLES, WAS SIE \u00dcBER ANADROL WISSEN M\u00dcSSEN<\/a><\/p>\n<p><a href=\"http:\/\/getanabolics.biz\/de\/die-wirkung-von-steroiden-auf-die-menschliche-haut\/\">Die Wirkung von Steroiden auf die menschliche Haut<\/a><\/p>\n<p><a href=\"http:\/\/getanabolics.biz\/de\/sammeln-sie-eine-trockene-masse-ohne-nebenwirkungen\/\">EINE TROCKENMASSE OHNE NEBENWIRKUNGEN AUFNEHMEN<\/a><\/p>\n<p><a href=\"http:\/\/getanabolics.biz\/de\/sollte-die-dauer-des-steroid-kurses-sein\/\">Was sollte die Dauer des STEROIDS-Kurses sein?<\/a><\/p>\n<\/div>\n","protected":false},"excerpt":{"rendered":"<p>2500mg 10ml <a href=\"http:\/\/getanabolics.biz\/de\/produkt\/testosterone-enant-250-10-ml-vial-each-1-ml-contains-250-mg-testosterone-enanthate\/\">Testosterone Enanthate. 250 &#8211; AlphaPharma<\/a><br \/>\n2500mg 10ml <a href=\"http:\/\/getanabolics.biz\/de\/produkt\/deca-250-box-mit-10-ampullen-von-1-ml-250mg-ml-insgesamt-2500mg-nandrolon-decaonate-kaufen\/\">Deca &#8211;\u00a0Alpha Pharma<\/a><br \/>\n30 tabs <a href=\"http:\/\/getanabolics.biz\/de\/produkt\/aromasin-30-tabletten-jede-hat-25-mg-exemestane-kaufen\/\">Aromasin &#8211;\u00a0Alpha Pharma<\/a><\/p>\n","protected":false},"featured_media":32350573,"comment_status":"closed","ping_status":"closed","template":"","meta":[],"product_cat":[476],"product_tag":[478,567,477],"_links":{"self":[{"href":"https:\/\/getanabolics.biz\/de\/wp-json\/wp\/v2\/product\/32350605"}],"collection":[{"href":"https:\/\/getanabolics.biz\/de\/wp-json\/wp\/v2\/product"}],"about":[{"href":"https:\/\/getanabolics.biz\/de\/wp-json\/wp\/v2\/types\/product"}],"replies":[{"embeddable":true,"href":"https:\/\/getanabolics.biz\/de\/wp-json\/wp\/v2\/comments?post=32350605"}],"wp:featuredmedia":[{"embeddable":true,"href":"https:\/\/getanabolics.biz\/de\/wp-json\/wp\/v2\/media\/32350573"}],"wp:attachment":[{"href":"https:\/\/getanabolics.biz\/de\/wp-json\/wp\/v2\/media?parent=32350605"}],"wp:term":[{"taxonomy":"product_cat","embeddable":true,"href":"https:\/\/getanabolics.biz\/de\/wp-json\/wp\/v2\/product_cat?post=32350605"},{"taxonomy":"product_tag","embeddable":true,"href":"https:\/\/getanabolics.biz\/de\/wp-json\/wp\/v2\/product_tag?post=32350605"}],"curies":[{"name":"wp","href":"https:\/\/api.w.org\/{rel}","templated":true}]}}