{"id":32350403,"date":"2017-05-10T13:40:03","date_gmt":"2017-05-10T13:40:03","guid":{"rendered":"http:\/\/getanabolics.biz\/?page_id=32350403\/"},"modified":"2022-06-15T07:24:27","modified_gmt":"2022-06-15T07:24:27","slug":"kontaktiere-uns","status":"publish","type":"page","link":"https:\/\/getanabolics.biz\/de\/kontaktiere-uns\/","title":{"rendered":"Kontaktiere uns"},"content":{"rendered":"<p>WICHTIGE INFORMATIONEN \u00dcBER DEN STATUS IHRER BESTELLUNG.<br \/>\nBITTE LESEN SIE, BEVOR SIE SIE EINREICHEN TICKET URSACHE ES WIRD IHNEN HELFEN, SCHNELLER<\/p>\n<p>Hallo und vielen Dank f\u00fcr die Kontaktaufnahme mit uns! Unsere Produktspezialisten und Kundendienst-Manager sind begierig, Sie zu unterst\u00fctzen mit Ihren Fragen oder Anliegen. Bitte w\u00e4hlen Sie die entsprechende Abteilung aus unserer drop-down-Men\u00fc unten, und wir werden Ihnen helfen, auf einer first come first serve basis, w\u00e4hrend unserer normalen Arbeitszeit. Alle Fragen, die nach der Gesch\u00e4ftszeiten oder am Wochenende, beantwortet werden Sie am folgenden Werktag.<\/p>\n<p>Tickets sind in der Regel reagiert innerhalb von 48 Stunden.<br \/>\nFalls ein problem berichtet wird am Freitag erhalten Sie Antwort am Montag.<\/p>\n<p>Ihre aktuelle status der Bestellung \u00fcberpr\u00fcft werden kann auf <a href=\"https:\/\/orderstatus.live\/\" target=\"_blank\" rel=\"nofollow noopener noreferrer\">orderstatus.live<\/a> Seite<br \/>\nEs hat Infos zu:<\/p>\n<p>1) &#8211; Status Ihrer Zahlung (genehmigt, abgelehnt oder ausstehend \u00fcberpr\u00fcfung)<br \/>\n2) Status Ihrer Bestellung weitergegeben, f\u00fcr den Versand, geliefert, zur\u00fcckgeschickt wird, wenn ergriffen).<br \/>\n3) Sobald Bestellung versandt wird, tracking-code wird auch dort erscheinen. Es kann zur\u00fcckverfolgt werden auf der folgenden Website: <a href=\"http:\/\/aftership.com\/\" target=\"_blank\" rel=\"nofollow noopener noreferrer\">AfterShip.com<\/a><\/p>\n<p>Wenn Sie m\u00f6chten, berichten Sie jedes problem bitte senden Sie neue support-ticket hier:<br \/>\n<a href=\"https:\/\/bodybuilding.freshdesk.com\/support\/home\" target=\"_blank\" rel=\"nofollow noopener noreferrer\">https:\/\/bodybuilding.freshdesk.com\/<\/a><\/p>\n","protected":false},"excerpt":{"rendered":"<p>WICHTIGE INFORMATIONEN \u00dcBER DEN STATUS IHRER BESTELLUNG. BITTE LESEN SIE, BEVOR SIE SIE EINREICHEN TICKET URSACHE ES WIRD IHNEN HELFEN, SCHNELLER Hallo und vielen Dank f\u00fcr die Kontaktaufnahme mit uns! Unsere Produktspezialisten und Kundendienst-Manager sind begierig, Sie zu unterst\u00fctzen mit Ihren Fragen oder Anliegen. Bitte w\u00e4hlen Sie die entsprechende Abteilung<a class=\"jstore-read-more\" href=\"https:\/\/getanabolics.biz\/de\/kontaktiere-uns\/\" rel=\"nofollow\">Read More &hellip;<\/a><\/p>\n","protected":false},"author":1,"featured_media":0,"parent":0,"menu_order":0,"comment_status":"closed","ping_status":"closed","template":"","meta":[],"_links":{"self":[{"href":"https:\/\/getanabolics.biz\/de\/wp-json\/wp\/v2\/pages\/32350403"}],"collection":[{"href":"https:\/\/getanabolics.biz\/de\/wp-json\/wp\/v2\/pages"}],"about":[{"href":"https:\/\/getanabolics.biz\/de\/wp-json\/wp\/v2\/types\/page"}],"author":[{"embeddable":true,"href":"https:\/\/getanabolics.biz\/de\/wp-json\/wp\/v2\/users\/1"}],"replies":[{"embeddable":true,"href":"https:\/\/getanabolics.biz\/de\/wp-json\/wp\/v2\/comments?post=32350403"}],"version-history":[{"count":2,"href":"https:\/\/getanabolics.biz\/de\/wp-json\/wp\/v2\/pages\/32350403\/revisions"}],"predecessor-version":[{"id":32352337,"href":"https:\/\/getanabolics.biz\/de\/wp-json\/wp\/v2\/pages\/32350403\/revisions\/32352337"}],"wp:attachment":[{"href":"https:\/\/getanabolics.biz\/de\/wp-json\/wp\/v2\/media?parent=32350403"}],"curies":[{"name":"wp","href":"https:\/\/api.w.org\/{rel}","templated":true}]}}