{"id":32350375,"date":"2017-05-10T10:22:51","date_gmt":"2017-05-10T10:22:51","guid":{"rendered":"http:\/\/getanabolics.biz\/?page_id=32350375\/"},"modified":"2017-05-10T10:22:51","modified_gmt":"2017-05-10T10:22:51","slug":"geschaeftsbedingungen","status":"publish","type":"page","link":"https:\/\/getanabolics.biz\/de\/geschaeftsbedingungen\/","title":{"rendered":"Gesch\u00e4ftsbedingungen"},"content":{"rendered":"<p>Bitte Lesen Sie die folgenden Informationen sorgf\u00e4ltig durch. Sie m\u00fcssen sich mit den Bedingungen und Konditionen, die in dieser Anmeldung bevor Sie das Eintrags-Formular.<\/p>\n<p><strong>GARANTIE<\/strong><\/p>\n<p><strong>1.<\/strong> Alle Produkte sind gedruckt expriation Termine. Wenn Sie Produkte mit abgelaufenem Datum, verwenden Sie nicht und Kontaktieren Sie uns. Sofern nicht anders angegeben und vorbehaltlich Ihrer gesetzlichen Rechte in Bezug auf Qualit\u00e4t und EIGNUNG f\u00fcr einen bestimmten Zweck, wir machen keine Zusicherungen oder GEW\u00c4HRLEISTUNGEN, ob ausdr\u00fccklich oder stillschweigend, irgendeiner Art in Bezug auf Produkte verkauft.<\/p>\n<p><strong>AUSLIEFERUNG<\/strong><\/p>\n<p><strong>2.<\/strong> Wir wickeln Objekte in carbon-photo-Papier. Xray nicht eindringen. Auf Ihren Wunsch k\u00f6nnen wir verstecken Sie Ihre Ware an Spielzeug, Videokassetten, Spielsachen, etc.<\/p>\n<p><strong>3.<\/strong> Wir liefern die bestellte Ware an die ich von Ihnen an die Zeit, die Sie haben Ihre Bestellung.<\/p>\n<p><strong>4.<\/strong> Voraussichtliche Lieferzeit f\u00fcr unsere regelm\u00e4\u00dfigen Luftpost-Versand: maximal 10-13 Tage in den USA und 9-12 Tage f\u00fcr Europa, f\u00fcr die Express \u2013 1-3 Werktag. Noch k\u00f6nnen wir verantwortlich f\u00fcr Lieferverz\u00f6gerungen, die durch Feiertage oder durch den Postdienst zust\u00e4ndig f\u00fcr die Lieferung. Alle Daten, die wir Ihnen f\u00fcr die Lieferung sind nur ann\u00e4hernd und wir haften nicht f\u00fcr Verluste, Kosten, Sch\u00e4den, Geb\u00fchren, die durch die Post oder Ausgaben, die durch eine Verz\u00f6gerung bei der Lieferung der Ware an Sie \u00fcber, es sei denn verursacht durch unsere Fahrl\u00e4ssigkeit. Deutschland, Kanada, Australien Lieferungen erfolgen mit eingeschriebenem Brief (express-Versand) , dauert 12-15 Werktage. Auf diese Weise Chancen f\u00fcr Gegenst\u00e4nde beschlagnahmt, die auf custom sind um ein Vielfaches niedriger. Wenn das Paket nicht zugestellt werden, aufgrund der Probleme der Kunden (nicht zu Hause war, nicht zum Gegenstand von post in der Zeit) sind wir nicht in der Lage, wieder versenden Ihre Artikel. Nur Gegenst\u00e4nde beschlagnahmt werden, indem die benutzerdefinierte oder besch\u00e4digte Lieferung innerhalb wiedergefunden.<\/p>\n<p><strong>5.<\/strong> Sie werden dem Eigent\u00fcmer der waren, die Sie bestellt haben, wenn Sie geliefert wurden, an die von Ihnen angegebene Lieferadresse. Sobald die waren geliefert wurden, wir haben nicht mehr die Verantwortung f\u00fcr jeglichen Verlust oder Besch\u00e4digung der Ware.<\/p>\n<p><strong>6.<\/strong> Mit dem Zoll haben wir zu 99,9% Erfolg in die USA, 99,5% Erfolg nach Kanada und Europa und 97% zu S\u00fcdafrika. Auch wenn Produkte erhalten beschlagnahmt ( 1% M\u00f6glichkeit, basierend auf unseren Statistiken \u00fcber Jahre), wir decken 100% des Schadens.<\/p>\n<p><strong>Einkaufsbedingungen<\/strong><\/p>\n<p><strong>7.<\/strong> Zur Bestellung der Produkte oder Dienstleistungen von uns m\u00fcssen Sie mindestens 18 Jahre alt sind.<br \/>\n\u00fcbernimmt keine Verantwortung f\u00fcr die Best\u00e4tigung der Einfuhr Anforderungen und Vorschriften des Kaufs und des K\u00e4ufers Herkunftsland. Alle Produkte werden ausgeliefert<br \/>\n\u2022 mit dem vollen Risiko des K\u00e4ufers.<br \/>\n\u2022 im Einvernehmen mit der holding vorbehalten gegen\u00fcber rechtliche Schritte, die m\u00f6glicherweise brachte gegen den K\u00e4ufer, wenn nicht, handeln in \u00fcbereinstimmung mit den Vorschriften und Einfuhr Gesetze des Ziellandes.<\/p>\n<p><strong>8.<\/strong> die Preise sind zu \u00e4ndern, nach der Internationalen Wechselkurse und \u00e4nderungen in der Einstandspreise ohne weitere Ank\u00fcndigung.<\/p>\n<p><strong>9.<\/strong> Verf\u00fcgbarkeit der Produkte, unterzogen, um zu \u00e4ndern, ohne weitere Benachrichtigung.<\/p>\n<p><strong>10.<\/strong> eine Stornierung der Bestellung nach der Zahlung bearbeitet wurde, werden nicht akzeptiert.<\/p>\n<p><strong>11.<\/strong> Nachdem Sie kaufen, erhalten Sie ellectronic Rechnung, die auch Ihre Bestellnummer, Spezifikation Ihrer Bestellung, den Benutzernamen und das Passwort (das Sie\/haben w\u00e4hlen\/n), die Ihnen erm\u00f6glichen, zu pr\u00fcfen, den status Ihrer Bestellung.<\/p>\n<p><strong>HAFTUNG<\/strong><\/p>\n<p><strong>12.<\/strong> Wenn falsche Versand Informationen durch den K\u00e4ufer, die Reihenfolge k\u00f6nnte misdelivered und\/oder an den Absender zur\u00fcckgesandt. \u00fcbernimmt keine Verantwortung f\u00fcr um die Verluste, die durch diese Fehllieferungen oder f\u00fcr auftretende Verluste. Der Hauptgrund ist, dass die Sendungen unreturnable aufgrund von diskreten Versand.<\/p>\n<p><strong>HAFTUNGSAUSSCHLUSS<\/strong><\/p>\n<p><strong>13.<\/strong> \u00dcbernimmt keine Haftung f\u00fcr den Gebrauch der gelieferten Produkte. Das material auf dieser Website (und auf allen gelinkten Seiten von und zu dieser Website) ist ausschlie\u00dflich Allgemeinen Informationszwecken und ist nicht beabsichtigt, zu f\u00f6rdern oder unterst\u00fctzen die Einnahme von anabolen\/androgenen Steroiden oder anderen Drogen. Indem Sie diese Informationen und Kauf von Steroiden Stimmen Sie zu, sparen immer harmlos kaufen, Anabolika, seine F\u00fchrungskr\u00e4fte, Direktoren oder bevollm\u00e4chtigte von jeglichen Sch\u00e4den, wie immer diese entstehen, bekannt oder unbekannt, vorhergesehen oder unvorhergesehene.<\/p>\n<p><strong>14.<\/strong> nicht bef\u00fcrworten, f\u00f6rdern, besitzen, oder zu erlangen versuchen, Anabolika oder anderen kontrollierten Substanzen und kann nicht verantwortlich gemacht werden f\u00fcr die Ma\u00dfnahmen, die durch unsere Zuschauer und Kunden.<\/p>\n<p><strong>15.<\/strong> Die Beschreibungen und Meinungen auf dieser Website angeboten werden, sind nicht medizinische Anregungen oder Ratschl\u00e4ge, sondern beruhen in der Regel auf spekulative und subjektive Werten. Jeder athlet, betrachtet der Einnahme dieser Medikamente sollte immer zuerst konsultieren Sie einen lizenzierten Arzt als unangemessen und unbeaufsichtigt nutzen k\u00f6nnen dazu f\u00fchren, dass sch\u00e4dliche und dauerhafte Nebenwirkungen. Wir strikt ablehnen, der die Verabreichung von Arzneimitteln an Minderj\u00e4hrige zu einer besseren sportlichen Leistung.<\/p>\n<p><strong>!<\/strong> Ihr KAUF ZEIGT IHRE AKZEPTANZ DIESER BEDINGUNGEN UND Konditionen.<br \/>\n<strong>!<\/strong> NICHT BEST\u00c4TIGEN Sie IHRE BESTELLUNG, WENN SIE SIE NICHT AKZEPTIEREN.<br \/>\n<strong>!<\/strong> RESERVS DIE RECHTE NUR ZU VERARBEITEN UND VERSENDEN AUFTR\u00c4GE, WENN DIE FOLGENDEN<br \/>\n<strong>!<\/strong> Allgemeinen GESCH\u00c4FTSBEDINGUNGEN WERDEN AKZEPTIERT MIT der BEST\u00c4TIGTEN VEREINBARUNG mit DEM K\u00c4UFER geschlossen.<br \/>\n<strong>!<\/strong> DER K\u00c4UFER ist verpflichtet, die EINHALTUNG ALL DIESE UNTERNEHMEN die VORSCHRIFTEN BEIM INVERKEHRBRINGEN UND BEI UNS BESTELLEN.<\/p>\n","protected":false},"excerpt":{"rendered":"<p>Bitte Lesen Sie die folgenden Informationen sorgf\u00e4ltig durch. Sie m\u00fcssen sich mit den Bedingungen und Konditionen, die in dieser Anmeldung bevor Sie das Eintrags-Formular. GARANTIE 1. Alle Produkte sind gedruckt expriation Termine. Wenn Sie Produkte mit abgelaufenem Datum, verwenden Sie nicht und Kontaktieren Sie uns. Sofern nicht anders angegeben und<a class=\"jstore-read-more\" href=\"https:\/\/getanabolics.biz\/de\/geschaeftsbedingungen\/\" rel=\"nofollow\">Read More &hellip;<\/a><\/p>\n","protected":false},"author":1,"featured_media":0,"parent":0,"menu_order":0,"comment_status":"closed","ping_status":"closed","template":"","meta":[],"_links":{"self":[{"href":"https:\/\/getanabolics.biz\/de\/wp-json\/wp\/v2\/pages\/32350375"}],"collection":[{"href":"https:\/\/getanabolics.biz\/de\/wp-json\/wp\/v2\/pages"}],"about":[{"href":"https:\/\/getanabolics.biz\/de\/wp-json\/wp\/v2\/types\/page"}],"author":[{"embeddable":true,"href":"https:\/\/getanabolics.biz\/de\/wp-json\/wp\/v2\/users\/1"}],"replies":[{"embeddable":true,"href":"https:\/\/getanabolics.biz\/de\/wp-json\/wp\/v2\/comments?post=32350375"}],"version-history":[{"count":1,"href":"https:\/\/getanabolics.biz\/de\/wp-json\/wp\/v2\/pages\/32350375\/revisions"}],"predecessor-version":[{"id":32350376,"href":"https:\/\/getanabolics.biz\/de\/wp-json\/wp\/v2\/pages\/32350375\/revisions\/32350376"}],"wp:attachment":[{"href":"https:\/\/getanabolics.biz\/de\/wp-json\/wp\/v2\/media?parent=32350375"}],"curies":[{"name":"wp","href":"https:\/\/api.w.org\/{rel}","templated":true}]}}