{"id":32350362,"date":"2017-05-10T08:41:49","date_gmt":"2017-05-10T08:41:49","guid":{"rendered":"http:\/\/getanabolics.biz\/?page_id=32350362\/"},"modified":"2017-05-10T08:41:49","modified_gmt":"2017-05-10T08:41:49","slug":"haftungsausschluss","status":"publish","type":"page","link":"https:\/\/getanabolics.biz\/de\/haftungsausschluss\/","title":{"rendered":"Haftungsausschluss"},"content":{"rendered":"<p>Diese Produkte sollten nicht von Personen unter 18 Jahren verwendet werden, \u00fcberpr\u00fcfen Sie mit einem zugelassenen Arzt, dass Sie in guter k\u00f6rperlicher Gesundheit vor Gebrauch sind. Nehmen Sie nicht, wenn Sie schwanger sind oder pflegen. Eine strenge Ausbildungsregelung sollte eingehalten werden, und eine gesunde Ern\u00e4hrungsdi\u00e4t sollte implementiert werden, um die Ergebnisse der Erg\u00e4nzung zu maximieren. Unsere Website und Domain sind repr\u00e4sentativ f\u00fcr hochwirksame Ern\u00e4hrungs- und Nahrungserg\u00e4nzungsmittel. Es ist ratsam, einen Arzt zur Beratung vor der Verwendung eines Produkts zu konsultieren, alle Aussagen wurden nicht von der Agentur f\u00fcr Lebensmittelstandards bewertet, diese Nahrungs- und Nahrungserg\u00e4nzungsmittel sind nicht dazu bestimmt, Krankheiten oder Krankheiten zu behandeln, zu diagnostizieren, zu verhindern oder zu heilen. Diese Produkte k\u00f6nnen eine signifikante Zunahme der Muskelmasse und der St\u00e4rke haben und k\u00f6nnen die hormonellen Konzentrationen im Blut und den bemerkenswerten Fettabbau erh\u00f6hen, wenn sie richtig verwendet werden, kombiniert mit einem intensiven Trainingsprogramm oder \u00dcbungsroutine und einer gesunden Ern\u00e4hrungsdi\u00e4t bei der Einnahme dieser Produkte. Diese Produkte sind keine Bet\u00e4ubungsmittel oder Drogen.<\/p>\n","protected":false},"excerpt":{"rendered":"<p>Diese Produkte sollten nicht von Personen unter 18 Jahren verwendet werden, \u00fcberpr\u00fcfen Sie mit einem zugelassenen Arzt, dass Sie in guter k\u00f6rperlicher Gesundheit vor Gebrauch sind. Nehmen Sie nicht, wenn Sie schwanger sind oder pflegen. Eine strenge Ausbildungsregelung sollte eingehalten werden, und eine gesunde Ern\u00e4hrungsdi\u00e4t sollte implementiert werden, um die<a class=\"jstore-read-more\" href=\"https:\/\/getanabolics.biz\/de\/haftungsausschluss\/\" rel=\"nofollow\">Read More &hellip;<\/a><\/p>\n","protected":false},"author":1,"featured_media":0,"parent":0,"menu_order":0,"comment_status":"closed","ping_status":"closed","template":"","meta":[],"_links":{"self":[{"href":"https:\/\/getanabolics.biz\/de\/wp-json\/wp\/v2\/pages\/32350362"}],"collection":[{"href":"https:\/\/getanabolics.biz\/de\/wp-json\/wp\/v2\/pages"}],"about":[{"href":"https:\/\/getanabolics.biz\/de\/wp-json\/wp\/v2\/types\/page"}],"author":[{"embeddable":true,"href":"https:\/\/getanabolics.biz\/de\/wp-json\/wp\/v2\/users\/1"}],"replies":[{"embeddable":true,"href":"https:\/\/getanabolics.biz\/de\/wp-json\/wp\/v2\/comments?post=32350362"}],"version-history":[{"count":1,"href":"https:\/\/getanabolics.biz\/de\/wp-json\/wp\/v2\/pages\/32350362\/revisions"}],"predecessor-version":[{"id":32350363,"href":"https:\/\/getanabolics.biz\/de\/wp-json\/wp\/v2\/pages\/32350362\/revisions\/32350363"}],"wp:attachment":[{"href":"https:\/\/getanabolics.biz\/de\/wp-json\/wp\/v2\/media?parent=32350362"}],"curies":[{"name":"wp","href":"https:\/\/api.w.org\/{rel}","templated":true}]}}